{"id":9226,"date":"2023-09-26T09:16:15","date_gmt":"2023-09-26T09:16:15","guid":{"rendered":"https:\/\/legendcar.be\/intermediation-achat-vente\/"},"modified":"2025-11-12T12:47:27","modified_gmt":"2025-11-12T12:47:27","slug":"intermediation-achat-vente","status":"publish","type":"page","link":"https:\/\/legendcar.be\/fr\/intermediation-achat-vente\/","title":{"rendered":"Interm\u00e9diation achat\/vente"},"content":{"rendered":"<div class=\"wpb-content-wrapper\"><p>[vc_section css=\u00a0\u00bb.vc_custom_1695736726538{margin-top: 25px !important;}\u00a0\u00bb][vc_row el_class=\u00a0\u00bbcontainer\u00a0\u00bb][vc_column][vc_column_text]<\/p>\n<h2>Interm\u00e9diation de vente<\/h2>\n<p>Vendre votre v\u00e9hicule \u00e0 des prix conformes au march\u00e9 sans y consacrer trop de temps et d&rsquo;\u00e9nergie, n&rsquo;est-ce pas ce que nous recherchons tous ? Nous pouvons vous accompagner tout au long de ce processus de vente. Pendant que vous profitez des derniers kilom\u00e8tres, nous nous occupons de trouver l&rsquo;acheteur id\u00e9al.  <\/p>\n<h3>Les \u00e9tapes :<\/h3>\n<ul>\n<li>Nettoyage approfondi du v\u00e9hicule<\/li>\n<li>Prise de photos pr\u00e9sentant le v\u00e9hicule sous son meilleur jour<\/li>\n<li>Publication en ligne, sur notre site et sur des sites publics<\/li>\n<li>R\u00e9pondre aux vendeurs int\u00e9ress\u00e9s<\/li>\n<li>Fixer les rendez-vous pour les visites<\/li>\n<li>Inviter les acheteurs potentiels s\u00e9rieux pour une visite<\/li>\n<li>Finaliser la vente<\/li>\n<\/ul>\n<h3>Vos avantages :<\/h3>\n<ul>\n<li>Un meilleur prix pour votre voiture<\/li>\n<li>Accompagnement ind\u00e9pendant et expert pour l&rsquo;achat et la vente<\/li>\n<li>Vous pouvez continuer \u00e0 conduire votre voiture jusqu&rsquo;au moment de la vente<\/li>\n<li>Notre tarif est connu \u00e0 l&rsquo;avance<\/li>\n<li>Vous n&rsquo;aurez affaire qu&rsquo;\u00e0 des acheteurs s\u00e9rieux.<\/li>\n<\/ul>\n<p>[\/vc_column_text][vc_column_text]<\/p>\n<h2>Interm\u00e9diation d&rsquo;achat<\/h2>\n<p>\u00c0 la recherche de la voiture de vos r\u00eaves ? Pas le temps de chercher vous-m\u00eame ? Chez Legend Car, vous \u00eates \u00e0 la bonne adresse pour la recherche de votre voiture.  <\/p>\n<h3>Les \u00e9tapes :<\/h3>\n<ul>\n<li>Identifier vos souhaits<\/li>\n<li>Vous informer du prix potentiel du march\u00e9<\/li>\n<li>Recherche du v\u00e9hicule appropri\u00e9<\/li>\n<li>N\u00e9gociation du prix<\/li>\n<li>Premier contr\u00f4le du v\u00e9hicule + \u00e9ventuel essai routier<\/li>\n<li>Expertise \u00e9ventuelle du v\u00e9hicule<\/li>\n<li>Importation possible du v\u00e9hicule s&rsquo;il est \u00e0 vendre \u00e0 l&rsquo;\u00e9tranger<\/li>\n<li>Contr\u00f4le technique du v\u00e9hicule en Belgique<\/li>\n<li>Livraison du v\u00e9hicule dans notre Car Studio ou \u00e0 votre porte<\/li>\n<\/ul>\n<p>Vous \u00eates int\u00e9ress\u00e9 par la vente ou l&rsquo;achat d&rsquo;un v\u00e9hicule particulier ? <a href=\"https:\/\/legendcar.be\/fr\/contact\/\">Contactez-nous<\/a>.[\/vc_column_text][\/vc_column][\/vc_row][\/vc_section]<\/p>\n<\/div>","protected":false},"excerpt":{"rendered":"<p>[vc_section css=\u00a0\u00bb.vc_custom_1695736726538{margin-top: 25px !important;}\u00a0\u00bb][vc_row el_class=\u00a0\u00bbcontainer\u00a0\u00bb][vc_column][vc_column_text] Interm\u00e9diation de vente Vendre votre v\u00e9hicule \u00e0 des prix conformes au march\u00e9 sans y consacrer trop de temps et d&rsquo;\u00e9nergie, n&rsquo;est-ce pas ce que nous recherchons tous ? Nous pouvons vous accompagner tout au long de ce processus de vente. Pendant que vous profitez des derniers kilom\u00e8tres, nous nous occupons [&hellip;]<\/p>\n","protected":false},"author":1,"featured_media":7482,"parent":0,"menu_order":0,"comment_status":"closed","ping_status":"closed","template":"","meta":{"_acf_changed":false,"inline_featured_image":false,"footnotes":""},"class_list":["post-9226","page","type-page","status-publish","has-post-thumbnail","hentry"],"acf":[],"yoast_head":"<!-- This site is optimized with the Yoast SEO plugin v27.0 - https:\/\/yoast.com\/product\/yoast-seo-wordpress\/ -->\n<title>Interm\u00e9diation achat\/vente | Legend Car<\/title>\n<meta name=\"robots\" content=\"index, follow, max-snippet:-1, max-image-preview:large, max-video-preview:-1\" \/>\n<link rel=\"canonical\" href=\"https:\/\/legendcar.be\/fr\/intermediation-achat-vente\/\" \/>\n<meta property=\"og:locale\" content=\"fr_FR\" \/>\n<meta property=\"og:type\" content=\"article\" \/>\n<meta property=\"og:title\" content=\"Interm\u00e9diation achat\/vente | Legend Car\" \/>\n<meta property=\"og:description\" content=\"[vc_section css=\u00a0\u00bb.vc_custom_1695736726538{margin-top: 25px !important;}\u00a0\u00bb][vc_row el_class=\u00a0\u00bbcontainer\u00a0\u00bb][vc_column][vc_column_text] Interm\u00e9diation de vente Vendre votre v\u00e9hicule \u00e0 des prix conformes au march\u00e9 sans y consacrer trop de temps et d&rsquo;\u00e9nergie, n&rsquo;est-ce pas ce que nous recherchons tous ? Nous pouvons vous accompagner tout au long de ce processus de vente. Pendant que vous profitez des derniers kilom\u00e8tres, nous nous occupons [&hellip;]\" \/>\n<meta property=\"og:url\" content=\"https:\/\/legendcar.be\/fr\/intermediation-achat-vente\/\" \/>\n<meta property=\"og:site_name\" content=\"Legend Car\" \/>\n<meta property=\"article:modified_time\" content=\"2025-11-12T12:47:27+00:00\" \/>\n<meta property=\"og:image\" content=\"https:\/\/legendcar.be\/wp-content\/uploads\/2023\/09\/legend-car-fotoshoot.jpg\" \/>\n\t<meta property=\"og:image:width\" content=\"1238\" \/>\n\t<meta property=\"og:image:height\" content=\"1027\" \/>\n\t<meta property=\"og:image:type\" content=\"image\/jpeg\" \/>\n<meta name=\"twitter:card\" content=\"summary_large_image\" \/>\n<meta name=\"twitter:label1\" content=\"Dur\u00e9e de lecture estim\u00e9e\" \/>\n\t<meta name=\"twitter:data1\" content=\"1 minute\" \/>\n<script type=\"application\/ld+json\" class=\"yoast-schema-graph\">{\"@context\":\"https:\/\/schema.org\",\"@graph\":[{\"@type\":\"WebPage\",\"@id\":\"https:\/\/legendcar.be\/fr\/intermediation-achat-vente\/\",\"url\":\"https:\/\/legendcar.be\/fr\/intermediation-achat-vente\/\",\"name\":\"Interm\u00e9diation achat\/vente | Legend Car\",\"isPartOf\":{\"@id\":\"https:\/\/legendcar.be\/fr\/#website\"},\"primaryImageOfPage\":{\"@id\":\"https:\/\/legendcar.be\/fr\/intermediation-achat-vente\/#primaryimage\"},\"image\":{\"@id\":\"https:\/\/legendcar.be\/fr\/intermediation-achat-vente\/#primaryimage\"},\"thumbnailUrl\":\"https:\/\/legendcar.be\/wp-content\/uploads\/2023\/09\/legend-car-fotoshoot.jpg\",\"datePublished\":\"2023-09-26T09:16:15+00:00\",\"dateModified\":\"2025-11-12T12:47:27+00:00\",\"breadcrumb\":{\"@id\":\"https:\/\/legendcar.be\/fr\/intermediation-achat-vente\/#breadcrumb\"},\"inLanguage\":\"fr-FR\",\"potentialAction\":[{\"@type\":\"ReadAction\",\"target\":[\"https:\/\/legendcar.be\/fr\/intermediation-achat-vente\/\"]}]},{\"@type\":\"ImageObject\",\"inLanguage\":\"fr-FR\",\"@id\":\"https:\/\/legendcar.be\/fr\/intermediation-achat-vente\/#primaryimage\",\"url\":\"https:\/\/legendcar.be\/wp-content\/uploads\/2023\/09\/legend-car-fotoshoot.jpg\",\"contentUrl\":\"https:\/\/legendcar.be\/wp-content\/uploads\/2023\/09\/legend-car-fotoshoot.jpg\",\"width\":1238,\"height\":1027},{\"@type\":\"BreadcrumbList\",\"@id\":\"https:\/\/legendcar.be\/fr\/intermediation-achat-vente\/#breadcrumb\",\"itemListElement\":[{\"@type\":\"ListItem\",\"position\":1,\"name\":\"Home\",\"item\":\"https:\/\/legendcar.be\/fr\/accueil\/\"},{\"@type\":\"ListItem\",\"position\":2,\"name\":\"Interm\u00e9diation achat\/vente\"}]},{\"@type\":\"WebSite\",\"@id\":\"https:\/\/legendcar.be\/fr\/#website\",\"url\":\"https:\/\/legendcar.be\/fr\/\",\"name\":\"Legend Car\",\"description\":\"\",\"publisher\":{\"@id\":\"https:\/\/legendcar.be\/fr\/#organization\"},\"potentialAction\":[{\"@type\":\"SearchAction\",\"target\":{\"@type\":\"EntryPoint\",\"urlTemplate\":\"https:\/\/legendcar.be\/fr\/?s={search_term_string}\"},\"query-input\":{\"@type\":\"PropertyValueSpecification\",\"valueRequired\":true,\"valueName\":\"search_term_string\"}}],\"inLanguage\":\"fr-FR\"},{\"@type\":\"Organization\",\"@id\":\"https:\/\/legendcar.be\/fr\/#organization\",\"name\":\"Legend Car\",\"url\":\"https:\/\/legendcar.be\/fr\/\",\"logo\":{\"@type\":\"ImageObject\",\"inLanguage\":\"fr-FR\",\"@id\":\"https:\/\/legendcar.be\/fr\/#\/schema\/logo\/image\/\",\"url\":\"\",\"contentUrl\":\"\",\"caption\":\"Legend Car\"},\"image\":{\"@id\":\"https:\/\/legendcar.be\/fr\/#\/schema\/logo\/image\/\"}}]}<\/script>\n<!-- \/ Yoast SEO plugin. -->","yoast_head_json":{"title":"Interm\u00e9diation achat\/vente | Legend Car","robots":{"index":"index","follow":"follow","max-snippet":"max-snippet:-1","max-image-preview":"max-image-preview:large","max-video-preview":"max-video-preview:-1"},"canonical":"https:\/\/legendcar.be\/fr\/intermediation-achat-vente\/","og_locale":"fr_FR","og_type":"article","og_title":"Interm\u00e9diation achat\/vente | Legend Car","og_description":"[vc_section css=\u00a0\u00bb.vc_custom_1695736726538{margin-top: 25px !important;}\u00a0\u00bb][vc_row el_class=\u00a0\u00bbcontainer\u00a0\u00bb][vc_column][vc_column_text] Interm\u00e9diation de vente Vendre votre v\u00e9hicule \u00e0 des prix conformes au march\u00e9 sans y consacrer trop de temps et d&rsquo;\u00e9nergie, n&rsquo;est-ce pas ce que nous recherchons tous ? Nous pouvons vous accompagner tout au long de ce processus de vente. Pendant que vous profitez des derniers kilom\u00e8tres, nous nous occupons [&hellip;]","og_url":"https:\/\/legendcar.be\/fr\/intermediation-achat-vente\/","og_site_name":"Legend Car","article_modified_time":"2025-11-12T12:47:27+00:00","og_image":[{"width":1238,"height":1027,"url":"https:\/\/legendcar.be\/wp-content\/uploads\/2023\/09\/legend-car-fotoshoot.jpg","type":"image\/jpeg"}],"twitter_card":"summary_large_image","twitter_misc":{"Dur\u00e9e de lecture estim\u00e9e":"1 minute"},"schema":{"@context":"https:\/\/schema.org","@graph":[{"@type":"WebPage","@id":"https:\/\/legendcar.be\/fr\/intermediation-achat-vente\/","url":"https:\/\/legendcar.be\/fr\/intermediation-achat-vente\/","name":"Interm\u00e9diation achat\/vente | Legend Car","isPartOf":{"@id":"https:\/\/legendcar.be\/fr\/#website"},"primaryImageOfPage":{"@id":"https:\/\/legendcar.be\/fr\/intermediation-achat-vente\/#primaryimage"},"image":{"@id":"https:\/\/legendcar.be\/fr\/intermediation-achat-vente\/#primaryimage"},"thumbnailUrl":"https:\/\/legendcar.be\/wp-content\/uploads\/2023\/09\/legend-car-fotoshoot.jpg","datePublished":"2023-09-26T09:16:15+00:00","dateModified":"2025-11-12T12:47:27+00:00","breadcrumb":{"@id":"https:\/\/legendcar.be\/fr\/intermediation-achat-vente\/#breadcrumb"},"inLanguage":"fr-FR","potentialAction":[{"@type":"ReadAction","target":["https:\/\/legendcar.be\/fr\/intermediation-achat-vente\/"]}]},{"@type":"ImageObject","inLanguage":"fr-FR","@id":"https:\/\/legendcar.be\/fr\/intermediation-achat-vente\/#primaryimage","url":"https:\/\/legendcar.be\/wp-content\/uploads\/2023\/09\/legend-car-fotoshoot.jpg","contentUrl":"https:\/\/legendcar.be\/wp-content\/uploads\/2023\/09\/legend-car-fotoshoot.jpg","width":1238,"height":1027},{"@type":"BreadcrumbList","@id":"https:\/\/legendcar.be\/fr\/intermediation-achat-vente\/#breadcrumb","itemListElement":[{"@type":"ListItem","position":1,"name":"Home","item":"https:\/\/legendcar.be\/fr\/accueil\/"},{"@type":"ListItem","position":2,"name":"Interm\u00e9diation achat\/vente"}]},{"@type":"WebSite","@id":"https:\/\/legendcar.be\/fr\/#website","url":"https:\/\/legendcar.be\/fr\/","name":"Legend Car","description":"","publisher":{"@id":"https:\/\/legendcar.be\/fr\/#organization"},"potentialAction":[{"@type":"SearchAction","target":{"@type":"EntryPoint","urlTemplate":"https:\/\/legendcar.be\/fr\/?s={search_term_string}"},"query-input":{"@type":"PropertyValueSpecification","valueRequired":true,"valueName":"search_term_string"}}],"inLanguage":"fr-FR"},{"@type":"Organization","@id":"https:\/\/legendcar.be\/fr\/#organization","name":"Legend Car","url":"https:\/\/legendcar.be\/fr\/","logo":{"@type":"ImageObject","inLanguage":"fr-FR","@id":"https:\/\/legendcar.be\/fr\/#\/schema\/logo\/image\/","url":"","contentUrl":"","caption":"Legend Car"},"image":{"@id":"https:\/\/legendcar.be\/fr\/#\/schema\/logo\/image\/"}}]}},"_links":{"self":[{"href":"https:\/\/legendcar.be\/fr\/wp-json\/wp\/v2\/pages\/9226","targetHints":{"allow":["GET"]}}],"collection":[{"href":"https:\/\/legendcar.be\/fr\/wp-json\/wp\/v2\/pages"}],"about":[{"href":"https:\/\/legendcar.be\/fr\/wp-json\/wp\/v2\/types\/page"}],"author":[{"embeddable":true,"href":"https:\/\/legendcar.be\/fr\/wp-json\/wp\/v2\/users\/1"}],"replies":[{"embeddable":true,"href":"https:\/\/legendcar.be\/fr\/wp-json\/wp\/v2\/comments?post=9226"}],"version-history":[{"count":1,"href":"https:\/\/legendcar.be\/fr\/wp-json\/wp\/v2\/pages\/9226\/revisions"}],"predecessor-version":[{"id":9229,"href":"https:\/\/legendcar.be\/fr\/wp-json\/wp\/v2\/pages\/9226\/revisions\/9229"}],"wp:featuredmedia":[{"embeddable":true,"href":"https:\/\/legendcar.be\/fr\/wp-json\/wp\/v2\/media\/7482"}],"wp:attachment":[{"href":"https:\/\/legendcar.be\/fr\/wp-json\/wp\/v2\/media?parent=9226"}],"curies":[{"name":"wp","href":"https:\/\/api.w.org\/{rel}","templated":true}]}}