{"id":9222,"date":"2023-09-26T09:13:56","date_gmt":"2023-09-26T09:13:56","guid":{"rendered":"https:\/\/legendcar.be\/emplacement-de-voiture\/"},"modified":"2025-11-12T12:47:28","modified_gmt":"2025-11-12T12:47:28","slug":"emplacement-de-voiture","status":"publish","type":"page","link":"https:\/\/legendcar.be\/fr\/emplacement-de-voiture\/","title":{"rendered":"Emplacement de voiture"},"content":{"rendered":"<div class=\"wpb-content-wrapper\"><p>[vc_section css=\u00a0\u00bb.vc_custom_1695804564523{margin-top: 0px !important;padding-top: 50px !important;padding-bottom: 50px !important;}\u00a0\u00bb el_class=\u00a0\u00bbgold\u00a0\u00bb][vc_row el_class=\u00a0\u00bbcontainer\u00a0\u00bb][vc_column][vc_column_text]<\/p>\n<h2 style=\"text-align: center;\">Nos atouts<\/h2>\n<p style=\"text-align: center;\">Chez nous, vous pouvez garer votre voiture de luxe ou votre voiture ancienne en toute tranquillit\u00e9. Nous proposons un service complet de remisage automobile avec des espaces climatis\u00e9s et des espaces extr\u00eamement s\u00e9curis\u00e9s.<\/p>\n<p>[\/vc_column_text][vc_row_inner css=\u00a0\u00bb.vc_custom_1695737793822{margin-top: 50px !important;}\u00a0\u00bb][vc_column_inner width=\u00a0\u00bb1\/4&Prime;][vc_single_image image=\u00a0\u00bb7487&Prime; img_size=\u00a0\u00bbfull\u00a0\u00bb alignment=\u00a0\u00bbcenter\u00a0\u00bb el_class=\u00a0\u00bbtroefImg\u00a0\u00bb][vc_column_text]<\/p>\n<p style=\"text-align: center;\"><strong>S\u00c9CURIT\u00c9 PERMANENTE<\/strong><\/p>\n<p style=\"text-align: center;\">Nos b\u00e2timents sont situ\u00e9s dans un lieu secret et sont parfaitement s\u00e9curis\u00e9s gr\u00e2ce aux derni\u00e8res technologies. Les cl\u00e9s de voiture et les copies des papiers de la voiture sont toujours conserv\u00e9es dans un autre lieu. <\/p>\n<p>[\/vc_column_text][\/vc_column_inner][vc_column_inner width=\u00a0\u00bb1\/4&Prime;][vc_single_image image=\u00a0\u00bb7488&Prime; img_size=\u00a0\u00bbfull\u00a0\u00bb alignment=\u00a0\u00bbcenter\u00a0\u00bb el_class=\u00a0\u00bbtroefImg\u00a0\u00bb][vc_column_text]<\/p>\n<p style=\"text-align: center;\"><strong>R\u00c9GULATION DE LA TEMP\u00c9RATURE<\/strong><\/p>\n<p style=\"text-align: center;\">Notre h\u00f4tel pour voitures de Legend Car propose diff\u00e9rents espaces climatis\u00e9s o\u00f9 la temp\u00e9rature n&rsquo;est jamais inf\u00e9rieure \u00e0 10 \u00b0C et o\u00f9 l&rsquo;humidit\u00e9 est toujours maintenue autour de 50 %.<\/p>\n<p>[\/vc_column_text][\/vc_column_inner][vc_column_inner width=\u00a0\u00bb1\/4&Prime;][vc_single_image image=\u00a0\u00bb7489&Prime; img_size=\u00a0\u00bbfull\u00a0\u00bb alignment=\u00a0\u00bbcenter\u00a0\u00bb el_class=\u00a0\u00bbtroefImg\u00a0\u00bb][vc_column_text]<\/p>\n<p style=\"text-align: center;\"><strong>DISCR\u00c9TION<\/strong><\/p>\n<p style=\"text-align: center;\">Chaque client et son ou ses v\u00e9hicules sont trait\u00e9s avec le plus grand respect et soin. Votre satisfaction et la s\u00e9curit\u00e9 de votre voiture ancienne ou de votre voiture exclusive sont au centre de nos pr\u00e9occupations. <\/p>\n<p>[\/vc_column_text][\/vc_column_inner][vc_column_inner width=\u00a0\u00bb1\/4&Prime;][vc_single_image image=\u00a0\u00bb7490&Prime; img_size=\u00a0\u00bbfull\u00a0\u00bb alignment=\u00a0\u00bbcenter\u00a0\u00bb el_class=\u00a0\u00bbtroefImg\u00a0\u00bb][vc_column_text]<\/p>\n<p style=\"text-align: center;\"><strong>LIEU SECRET<\/strong><\/p>\n<p style=\"text-align: center;\">Nos b\u00e2timents sont situ\u00e9s dans un endroit isol\u00e9, le lieu n&rsquo;est communiqu\u00e9 qu&rsquo;apr\u00e8s un contact personnel. Ceci afin de garantir la s\u00e9curit\u00e9 et la discr\u00e9tion. <\/p>\n<p>[\/vc_column_text][\/vc_column_inner][\/vc_row_inner][vc_row_inner][vc_column_inner][vc_btn title=\u00a0\u00bbDemander un devis\u00a0\u00bb align=\u00a0\u00bbcenter\u00a0\u00bb link=\u00a0\u00bburl:https%3A%2F%2Flegendcar.be%2Ffr%2Fdemande-de-devis%2F|\u00a0\u00bb][\/vc_column_inner][\/vc_row_inner][\/vc_column][\/vc_row][\/vc_section][vc_section css=\u00a0\u00bb.vc_custom_1695803036554{margin-top: 50px !important;}\u00a0\u00bb][vc_row equal_height=\u00a0\u00bbyes\u00a0\u00bb content_placement=\u00a0\u00bbmiddle\u00a0\u00bb el_class=\u00a0\u00bbcontainer numberRow\u00a0\u00bb css=\u00a0\u00bb.vc_custom_1695823693927{background-image: url(https:\/\/legendcar.be\/wp-content\/uploads\/2023\/09\/porsche-druppellader.jpg?id=102) !important;}\u00a0\u00bb][vc_column width=\u00a0\u00bb1\/3&Prime;][vc_column_text el_class=\u00a0\u00bbbigNumber\u00a0\u00bb]<\/p>\n<p style=\"text-align: center;\">01<\/p>\n<p>[\/vc_column_text][\/vc_column][vc_column width=\u00a0\u00bb2\/3&Prime; el_class=\u00a0\u00bbsemiWhiteBackground\u00a0\u00bb][vc_column_text]<\/p>\n<h2>Une passion pour les voitures<\/h2>\n<p>Legend Car vous offre un lieu discret et s\u00fbr pour le remisage de votre voiture exclusive. Notre h\u00f4tel pour voitures propose des espaces climatis\u00e9s o\u00f9 la temp\u00e9rature et l&rsquo;humidit\u00e9 sont contr\u00f4l\u00e9es. De plus, nos b\u00e2timents sont \u00e9quip\u00e9s d&rsquo;un syst\u00e8me antivol ultramoderne. Forts de notre propre passion pour les voitures, nous traitons chaque voiture dans notre h\u00f4tel pour voitures avec le plus grand respect. La qualit\u00e9 et la satisfaction de nos clients sont primordiales.[\/vc_column_text][\/vc_column][\/vc_row][vc_row equal_height=\u00a0\u00bbyes\u00a0\u00bb content_placement=\u00a0\u00bbmiddle\u00a0\u00bb el_class=\u00a0\u00bbcontainer mobileReverse numberRow\u00a0\u00bb css=\u00a0\u00bb.vc_custom_1695823702688{margin-top: 50px !important;background-image: url(https:\/\/legendcar.be\/wp-content\/uploads\/2023\/09\/legend-cars.jpg?id=101) !important;background-position: center !important;background-repeat: no-repeat !important;background-size: cover !important;}\u00a0\u00bb][vc_column width=\u00a0\u00bb2\/3&Prime; el_class=\u00a0\u00bbsemiWhiteBackground\u00a0\u00bb][vc_column_text]<\/p>\n<h2>L&#8217;emplacement id\u00e9al<\/h2>\n<p>Gr\u00e2ce \u00e0 notre espace climatis\u00e9, \u00e0 la s\u00e9curit\u00e9, \u00e0 nos soins et aux nombreuses options d&rsquo;entretien, notre h\u00f4tel pour voitures est l&rsquo;endroit id\u00e9al pour garer votre voiture en toute tranquillit\u00e9 et en toute s\u00e9curit\u00e9.[\/vc_column_text][\/vc_column][vc_column width=\u00a0\u00bb1\/3&Prime;][vc_column_text el_class=\u00a0\u00bbbigNumber\u00a0\u00bb]<\/p>\n<p style=\"text-align: center;\">02<\/p>\n<p>[\/vc_column_text][\/vc_column][\/vc_row][vc_row equal_height=\u00a0\u00bbyes\u00a0\u00bb content_placement=\u00a0\u00bbmiddle\u00a0\u00bb el_class=\u00a0\u00bbcontainer numberRow\u00a0\u00bb css=\u00a0\u00bb.vc_custom_1695823709374{margin-top: 50px !important;background-image: url(https:\/\/legendcar.be\/wp-content\/uploads\/2023\/09\/legend-car.jpg?id=100) !important;}\u00a0\u00bb][vc_column width=\u00a0\u00bb1\/3&Prime;][vc_column_text el_class=\u00a0\u00bbbigNumber\u00a0\u00bb]<\/p>\n<p style=\"text-align: center;\">03<\/p>\n<p>[\/vc_column_text][\/vc_column][vc_column width=\u00a0\u00bb2\/3&Prime; el_class=\u00a0\u00bbsemiWhiteBackground\u00a0\u00bb][vc_column_text]<\/p>\n<h2>Vous \u00eates roi<\/h2>\n<div>\n<p>Garez votre voiture pour 3, 6 ou 12 mois dans notre lieu de remisage s\u00e9curis\u00e9 et climatis\u00e9 et profitez de nos formules de services sur mesure :<\/p>\n<ul>\n<li>Diff\u00e9rents contr\u00f4les (contr\u00f4le rapide, hiver, \u00e9t\u00e9, circuit)<\/li>\n<li>Nombreux modules de nettoyage<\/li>\n<li>Location d&rsquo;une housse, d&rsquo;un chargeur de batterie, d&rsquo;un bac de r\u00e9cup\u00e9ration, \u2026<\/li>\n<li>Service de transport vers et depuis des \u00e9v\u00e9nements<\/li>\n<li>Estimation et rapport<\/li>\n<li>Recherche ou vente de la voiture de vos r\u00eaves sur commande<\/li>\n<\/ul>\n<\/div>\n<p>[\/vc_column_text][\/vc_column][\/vc_row][vc_row equal_height=\u00a0\u00bbyes\u00a0\u00bb content_placement=\u00a0\u00bbmiddle\u00a0\u00bb el_class=\u00a0\u00bbcontainer mobileReverse numberRow\u00a0\u00bb css=\u00a0\u00bb.vc_custom_1695823715631{margin-top: 50px !important;background-image: url(https:\/\/legendcar.be\/wp-content\/uploads\/2023\/09\/legend-car-autostalling2.jpg?id=99) !important;background-position: center !important;background-repeat: no-repeat !important;background-size: cover !important;}\u00a0\u00bb][vc_column width=\u00a0\u00bb2\/3&Prime; el_class=\u00a0\u00bbsemiWhiteBackground\u00a0\u00bb][vc_column_text]<\/p>\n<h2>Traitement s\u00fbr et soign\u00e9<\/h2>\n<p>Si n\u00e9cessaire, votre voiture est sortie et d\u00e9plac\u00e9e avec la plus grande prudence. Cela ne se fait jamais sans votre autorisation, celle du client, et est effectu\u00e9 avec le plus grand soin. Si vous souhaitez une conservation optimale de vos pneus, il est possible de placer votre voiture sur des coussins d&rsquo;air afin d&rsquo;\u00e9viter leur aplatissement.[\/vc_column_text][\/vc_column][vc_column width=\u00a0\u00bb1\/3&Prime;][vc_column_text el_class=\u00a0\u00bbbigNumber\u00a0\u00bb]<\/p>\n<p style=\"text-align: center;\">04<\/p>\n<p>[\/vc_column_text][\/vc_column][\/vc_row][\/vc_section][vc_section css=\u00a0\u00bb.vc_custom_1695803916590{margin-top: 50px !important;padding-top: 50px !important;padding-bottom: 50px !important;}\u00a0\u00bb el_class=\u00a0\u00bbgold\u00a0\u00bb][vc_row el_class=\u00a0\u00bbcontainer\u00a0\u00bb][vc_column][vc_column_text]<\/p>\n<h2 style=\"text-align: center;\">Votre voiture dans notre remisage automobile ?<\/h2>\n<p>[\/vc_column_text][vc_btn title=\u00a0\u00bbDemander un devis\u00a0\u00bb align=\u00a0\u00bbcenter\u00a0\u00bb link=\u00a0\u00bburl:https%3A%2F%2Flegendcar.be%2Ffr%2Fdemande-de-devis%2F|\u00a0\u00bb][\/vc_column][\/vc_row][\/vc_section][vc_section css=\u00a0\u00bb.vc_custom_1695804308311{margin-top: 50px !important;}\u00a0\u00bb][vc_row el_class=\u00a0\u00bbcontainer\u00a0\u00bb][vc_column][vc_column_text]<\/p>\n<h2>Remisage automobile discret<\/h2>\n<p>En tant que propri\u00e9taire d&rsquo;une voiture de luxe ou d&rsquo;une voiture ancienne, vous souhaitez ranger votre voiture en toute tranquillit\u00e9 pendant les p\u00e9riodes o\u00f9 vous l&rsquo;utilisez moins. Legend Car vous offre un service complet de remisage automobile avec des espaces climatis\u00e9s et extr\u00eamement s\u00e9curis\u00e9s. Si vous souhaitez plus d&rsquo;informations sur un tel emplacement de voiture, n&rsquo;h\u00e9sitez pas \u00e0 nous contacter.  <\/p>\n<h2>Emplacement de voiture exclusif pour votre voiture de luxe<\/h2>\n<p>Nos b\u00e2timents sont situ\u00e9s dans un endroit isol\u00e9 afin que vous puissiez laisser votre voiture exclusive chez nous avec la plus grande discr\u00e9tion et un sentiment de s\u00e9curit\u00e9. Chaque client et son v\u00e9hicule sont trait\u00e9s avec le plus grand respect. Votre satisfaction et la s\u00e9curit\u00e9 de votre voiture ancienne ou de votre voiture exclusive sont au centre de nos pr\u00e9occupations.  <\/p>\n<p>L&rsquo;h\u00f4tel pour voitures de Legend Car propose diff\u00e9rents espaces climatis\u00e9s o\u00f9 la temp\u00e9rature n&rsquo;est jamais inf\u00e9rieure \u00e0 10 \u00b0C et o\u00f9 l&rsquo;humidit\u00e9 est toujours maintenue autour de 60 %. Toutes les portes et portails sont r\u00e9sistants aux effractions et nous pr\u00e9voyons une alarme antivol suppl\u00e9mentaire avec des notifications personnelles pour chaque client. <\/p>\n<p>Afin de garantir la s\u00e9curit\u00e9 de votre voiture, nous vous demandons de nous envoyer par e-mail une copie de vos donn\u00e9es d&rsquo;identit\u00e9 avant votre premi\u00e8re visite \u00e0 notre h\u00f4tel pour voitures anciennes. Nous prenons toujours une copie de vos papiers de voiture et conservons ces copies avec les cl\u00e9s de la voiture dans un lieu autre que le remisage automobile. Si vous souhaitez r\u00e9cup\u00e9rer votre voiture dans le lieu de remisage climatis\u00e9, nous vous demandons de nous pr\u00e9venir au moins 4 heures \u00e0 l&rsquo;avance afin que nous puissions r\u00e9cup\u00e9rer les papiers et les cl\u00e9s. Si vous ne pouvez pas venir chercher votre voiture vous-m\u00eame et que vous envoyez quelqu&rsquo;un d&rsquo;autre, nous vous demandons \u00e9galement de nous en informer par e-mail.   <\/p>\n<h2>Demandez un devis sans engagement pour un remisage automobile<\/h2>\n<p>\u00cates-vous propri\u00e9taire d&rsquo;une voiture exclusive ou \u00eates-vous \u00e0 la recherche d&rsquo;un h\u00f4tel discret pour voitures anciennes ? D\u00e9couvrez les services de Legend Car, sp\u00e9cialis\u00e9 dans le remisage automobile. Nous vous offrons des espaces climatis\u00e9s dans un b\u00e2timent ultra-s\u00e9curis\u00e9. Demandez un devis sans engagement pour une place dans notre h\u00f4tel exclusif pour voitures.[\/vc_column_text][\/vc_column][\/vc_row][\/vc_section]<\/p>\n<\/div>","protected":false},"excerpt":{"rendered":"<p>[vc_section css=\u00a0\u00bb.vc_custom_1695804564523{margin-top: 0px !important;padding-top: 50px !important;padding-bottom: 50px !important;}\u00a0\u00bb el_class=\u00a0\u00bbgold\u00a0\u00bb][vc_row el_class=\u00a0\u00bbcontainer\u00a0\u00bb][vc_column][vc_column_text] Nos atouts Chez nous, vous pouvez garer votre voiture de luxe ou votre voiture ancienne en toute tranquillit\u00e9. Nous proposons un service complet de remisage automobile avec des espaces climatis\u00e9s et des espaces extr\u00eamement s\u00e9curis\u00e9s. [\/vc_column_text][vc_row_inner css=\u00a0\u00bb.vc_custom_1695737793822{margin-top: 50px !important;}\u00a0\u00bb][vc_column_inner width=\u00a0\u00bb1\/4&Prime;][vc_single_image image=\u00a0\u00bb7487&Prime; img_size=\u00a0\u00bbfull\u00a0\u00bb alignment=\u00a0\u00bbcenter\u00a0\u00bb el_class=\u00a0\u00bbtroefImg\u00a0\u00bb][vc_column_text] S\u00c9CURIT\u00c9 [&hellip;]<\/p>\n","protected":false},"author":1,"featured_media":7491,"parent":0,"menu_order":0,"comment_status":"closed","ping_status":"closed","template":"","meta":{"_acf_changed":false,"inline_featured_image":false,"footnotes":""},"class_list":["post-9222","page","type-page","status-publish","has-post-thumbnail","hentry"],"acf":[],"yoast_head":"<!-- This site is optimized with the Yoast SEO plugin v27.0 - https:\/\/yoast.com\/product\/yoast-seo-wordpress\/ -->\n<title>Emplacement de voiture | Legend Car<\/title>\n<meta name=\"robots\" content=\"index, follow, max-snippet:-1, max-image-preview:large, max-video-preview:-1\" \/>\n<link rel=\"canonical\" href=\"https:\/\/legendcar.be\/fr\/emplacement-de-voiture\/\" \/>\n<meta property=\"og:locale\" content=\"fr_FR\" \/>\n<meta property=\"og:type\" content=\"article\" \/>\n<meta property=\"og:title\" content=\"Emplacement de voiture | Legend Car\" \/>\n<meta property=\"og:description\" content=\"[vc_section css=\u00a0\u00bb.vc_custom_1695804564523{margin-top: 0px !important;padding-top: 50px !important;padding-bottom: 50px !important;}\u00a0\u00bb el_class=\u00a0\u00bbgold\u00a0\u00bb][vc_row el_class=\u00a0\u00bbcontainer\u00a0\u00bb][vc_column][vc_column_text] Nos atouts Chez nous, vous pouvez garer votre voiture de luxe ou votre voiture ancienne en toute tranquillit\u00e9. Nous proposons un service complet de remisage automobile avec des espaces climatis\u00e9s et des espaces extr\u00eamement s\u00e9curis\u00e9s. [\/vc_column_text][vc_row_inner css=\u00a0\u00bb.vc_custom_1695737793822{margin-top: 50px !important;}\u00a0\u00bb][vc_column_inner width=\u00a0\u00bb1\/4&Prime;][vc_single_image image=\u00a0\u00bb7487&Prime; img_size=\u00a0\u00bbfull\u00a0\u00bb alignment=\u00a0\u00bbcenter\u00a0\u00bb el_class=\u00a0\u00bbtroefImg\u00a0\u00bb][vc_column_text] S\u00c9CURIT\u00c9 [&hellip;]\" \/>\n<meta property=\"og:url\" content=\"https:\/\/legendcar.be\/fr\/emplacement-de-voiture\/\" \/>\n<meta property=\"og:site_name\" content=\"Legend Car\" \/>\n<meta property=\"article:modified_time\" content=\"2025-11-12T12:47:28+00:00\" \/>\n<meta property=\"og:image\" content=\"https:\/\/legendcar.be\/wp-content\/uploads\/2023\/09\/legend-car-autostaanplaats.jpg\" \/>\n\t<meta property=\"og:image:width\" content=\"2048\" \/>\n\t<meta property=\"og:image:height\" content=\"820\" \/>\n\t<meta property=\"og:image:type\" content=\"image\/jpeg\" \/>\n<meta name=\"twitter:card\" content=\"summary_large_image\" \/>\n<meta name=\"twitter:label1\" content=\"Dur\u00e9e de lecture estim\u00e9e\" \/>\n\t<meta name=\"twitter:data1\" content=\"7 minutes\" \/>\n<script type=\"application\/ld+json\" class=\"yoast-schema-graph\">{\"@context\":\"https:\/\/schema.org\",\"@graph\":[{\"@type\":\"WebPage\",\"@id\":\"https:\/\/legendcar.be\/fr\/emplacement-de-voiture\/\",\"url\":\"https:\/\/legendcar.be\/fr\/emplacement-de-voiture\/\",\"name\":\"Emplacement de voiture | Legend Car\",\"isPartOf\":{\"@id\":\"https:\/\/legendcar.be\/fr\/#website\"},\"primaryImageOfPage\":{\"@id\":\"https:\/\/legendcar.be\/fr\/emplacement-de-voiture\/#primaryimage\"},\"image\":{\"@id\":\"https:\/\/legendcar.be\/fr\/emplacement-de-voiture\/#primaryimage\"},\"thumbnailUrl\":\"https:\/\/legendcar.be\/wp-content\/uploads\/2023\/09\/legend-car-autostaanplaats.jpg\",\"datePublished\":\"2023-09-26T09:13:56+00:00\",\"dateModified\":\"2025-11-12T12:47:28+00:00\",\"breadcrumb\":{\"@id\":\"https:\/\/legendcar.be\/fr\/emplacement-de-voiture\/#breadcrumb\"},\"inLanguage\":\"fr-FR\",\"potentialAction\":[{\"@type\":\"ReadAction\",\"target\":[\"https:\/\/legendcar.be\/fr\/emplacement-de-voiture\/\"]}]},{\"@type\":\"ImageObject\",\"inLanguage\":\"fr-FR\",\"@id\":\"https:\/\/legendcar.be\/fr\/emplacement-de-voiture\/#primaryimage\",\"url\":\"https:\/\/legendcar.be\/wp-content\/uploads\/2023\/09\/legend-car-autostaanplaats.jpg\",\"contentUrl\":\"https:\/\/legendcar.be\/wp-content\/uploads\/2023\/09\/legend-car-autostaanplaats.jpg\",\"width\":2048,\"height\":820},{\"@type\":\"BreadcrumbList\",\"@id\":\"https:\/\/legendcar.be\/fr\/emplacement-de-voiture\/#breadcrumb\",\"itemListElement\":[{\"@type\":\"ListItem\",\"position\":1,\"name\":\"Home\",\"item\":\"https:\/\/legendcar.be\/fr\/accueil\/\"},{\"@type\":\"ListItem\",\"position\":2,\"name\":\"Emplacement de voiture\"}]},{\"@type\":\"WebSite\",\"@id\":\"https:\/\/legendcar.be\/fr\/#website\",\"url\":\"https:\/\/legendcar.be\/fr\/\",\"name\":\"Legend Car\",\"description\":\"\",\"publisher\":{\"@id\":\"https:\/\/legendcar.be\/fr\/#organization\"},\"potentialAction\":[{\"@type\":\"SearchAction\",\"target\":{\"@type\":\"EntryPoint\",\"urlTemplate\":\"https:\/\/legendcar.be\/fr\/?s={search_term_string}\"},\"query-input\":{\"@type\":\"PropertyValueSpecification\",\"valueRequired\":true,\"valueName\":\"search_term_string\"}}],\"inLanguage\":\"fr-FR\"},{\"@type\":\"Organization\",\"@id\":\"https:\/\/legendcar.be\/fr\/#organization\",\"name\":\"Legend Car\",\"url\":\"https:\/\/legendcar.be\/fr\/\",\"logo\":{\"@type\":\"ImageObject\",\"inLanguage\":\"fr-FR\",\"@id\":\"https:\/\/legendcar.be\/fr\/#\/schema\/logo\/image\/\",\"url\":\"\",\"contentUrl\":\"\",\"caption\":\"Legend Car\"},\"image\":{\"@id\":\"https:\/\/legendcar.be\/fr\/#\/schema\/logo\/image\/\"}}]}<\/script>\n<!-- \/ Yoast SEO plugin. -->","yoast_head_json":{"title":"Emplacement de voiture | Legend Car","robots":{"index":"index","follow":"follow","max-snippet":"max-snippet:-1","max-image-preview":"max-image-preview:large","max-video-preview":"max-video-preview:-1"},"canonical":"https:\/\/legendcar.be\/fr\/emplacement-de-voiture\/","og_locale":"fr_FR","og_type":"article","og_title":"Emplacement de voiture | Legend Car","og_description":"[vc_section css=\u00a0\u00bb.vc_custom_1695804564523{margin-top: 0px !important;padding-top: 50px !important;padding-bottom: 50px !important;}\u00a0\u00bb el_class=\u00a0\u00bbgold\u00a0\u00bb][vc_row el_class=\u00a0\u00bbcontainer\u00a0\u00bb][vc_column][vc_column_text] Nos atouts Chez nous, vous pouvez garer votre voiture de luxe ou votre voiture ancienne en toute tranquillit\u00e9. Nous proposons un service complet de remisage automobile avec des espaces climatis\u00e9s et des espaces extr\u00eamement s\u00e9curis\u00e9s. [\/vc_column_text][vc_row_inner css=\u00a0\u00bb.vc_custom_1695737793822{margin-top: 50px !important;}\u00a0\u00bb][vc_column_inner width=\u00a0\u00bb1\/4&Prime;][vc_single_image image=\u00a0\u00bb7487&Prime; img_size=\u00a0\u00bbfull\u00a0\u00bb alignment=\u00a0\u00bbcenter\u00a0\u00bb el_class=\u00a0\u00bbtroefImg\u00a0\u00bb][vc_column_text] S\u00c9CURIT\u00c9 [&hellip;]","og_url":"https:\/\/legendcar.be\/fr\/emplacement-de-voiture\/","og_site_name":"Legend Car","article_modified_time":"2025-11-12T12:47:28+00:00","og_image":[{"width":2048,"height":820,"url":"https:\/\/legendcar.be\/wp-content\/uploads\/2023\/09\/legend-car-autostaanplaats.jpg","type":"image\/jpeg"}],"twitter_card":"summary_large_image","twitter_misc":{"Dur\u00e9e de lecture estim\u00e9e":"7 minutes"},"schema":{"@context":"https:\/\/schema.org","@graph":[{"@type":"WebPage","@id":"https:\/\/legendcar.be\/fr\/emplacement-de-voiture\/","url":"https:\/\/legendcar.be\/fr\/emplacement-de-voiture\/","name":"Emplacement de voiture | Legend Car","isPartOf":{"@id":"https:\/\/legendcar.be\/fr\/#website"},"primaryImageOfPage":{"@id":"https:\/\/legendcar.be\/fr\/emplacement-de-voiture\/#primaryimage"},"image":{"@id":"https:\/\/legendcar.be\/fr\/emplacement-de-voiture\/#primaryimage"},"thumbnailUrl":"https:\/\/legendcar.be\/wp-content\/uploads\/2023\/09\/legend-car-autostaanplaats.jpg","datePublished":"2023-09-26T09:13:56+00:00","dateModified":"2025-11-12T12:47:28+00:00","breadcrumb":{"@id":"https:\/\/legendcar.be\/fr\/emplacement-de-voiture\/#breadcrumb"},"inLanguage":"fr-FR","potentialAction":[{"@type":"ReadAction","target":["https:\/\/legendcar.be\/fr\/emplacement-de-voiture\/"]}]},{"@type":"ImageObject","inLanguage":"fr-FR","@id":"https:\/\/legendcar.be\/fr\/emplacement-de-voiture\/#primaryimage","url":"https:\/\/legendcar.be\/wp-content\/uploads\/2023\/09\/legend-car-autostaanplaats.jpg","contentUrl":"https:\/\/legendcar.be\/wp-content\/uploads\/2023\/09\/legend-car-autostaanplaats.jpg","width":2048,"height":820},{"@type":"BreadcrumbList","@id":"https:\/\/legendcar.be\/fr\/emplacement-de-voiture\/#breadcrumb","itemListElement":[{"@type":"ListItem","position":1,"name":"Home","item":"https:\/\/legendcar.be\/fr\/accueil\/"},{"@type":"ListItem","position":2,"name":"Emplacement de voiture"}]},{"@type":"WebSite","@id":"https:\/\/legendcar.be\/fr\/#website","url":"https:\/\/legendcar.be\/fr\/","name":"Legend Car","description":"","publisher":{"@id":"https:\/\/legendcar.be\/fr\/#organization"},"potentialAction":[{"@type":"SearchAction","target":{"@type":"EntryPoint","urlTemplate":"https:\/\/legendcar.be\/fr\/?s={search_term_string}"},"query-input":{"@type":"PropertyValueSpecification","valueRequired":true,"valueName":"search_term_string"}}],"inLanguage":"fr-FR"},{"@type":"Organization","@id":"https:\/\/legendcar.be\/fr\/#organization","name":"Legend Car","url":"https:\/\/legendcar.be\/fr\/","logo":{"@type":"ImageObject","inLanguage":"fr-FR","@id":"https:\/\/legendcar.be\/fr\/#\/schema\/logo\/image\/","url":"","contentUrl":"","caption":"Legend Car"},"image":{"@id":"https:\/\/legendcar.be\/fr\/#\/schema\/logo\/image\/"}}]}},"_links":{"self":[{"href":"https:\/\/legendcar.be\/fr\/wp-json\/wp\/v2\/pages\/9222","targetHints":{"allow":["GET"]}}],"collection":[{"href":"https:\/\/legendcar.be\/fr\/wp-json\/wp\/v2\/pages"}],"about":[{"href":"https:\/\/legendcar.be\/fr\/wp-json\/wp\/v2\/types\/page"}],"author":[{"embeddable":true,"href":"https:\/\/legendcar.be\/fr\/wp-json\/wp\/v2\/users\/1"}],"replies":[{"embeddable":true,"href":"https:\/\/legendcar.be\/fr\/wp-json\/wp\/v2\/comments?post=9222"}],"version-history":[{"count":2,"href":"https:\/\/legendcar.be\/fr\/wp-json\/wp\/v2\/pages\/9222\/revisions"}],"predecessor-version":[{"id":9230,"href":"https:\/\/legendcar.be\/fr\/wp-json\/wp\/v2\/pages\/9222\/revisions\/9230"}],"wp:featuredmedia":[{"embeddable":true,"href":"https:\/\/legendcar.be\/fr\/wp-json\/wp\/v2\/media\/7491"}],"wp:attachment":[{"href":"https:\/\/legendcar.be\/fr\/wp-json\/wp\/v2\/media?parent=9222"}],"curies":[{"name":"wp","href":"https:\/\/api.w.org\/{rel}","templated":true}]}}