{"id":9199,"date":"2023-09-26T09:17:54","date_gmt":"2023-09-26T09:17:54","guid":{"rendered":"https:\/\/legendcar.be\/a-propos-de-nous\/"},"modified":"2025-11-12T12:47:24","modified_gmt":"2025-11-12T12:47:24","slug":"a-propos-de-nous","status":"publish","type":"page","link":"https:\/\/legendcar.be\/fr\/a-propos-de-nous\/","title":{"rendered":"\u00c0 propos de nous"},"content":{"rendered":"<div class=\"wpb-content-wrapper\"><p>[vc_section css=\u00a0\u00bb.vc_custom_1695805511801{margin-top: 50px !important;}\u00a0\u00bb][vc_row equal_height=\u00a0\u00bbyes\u00a0\u00bb content_placement=\u00a0\u00bbmiddle\u00a0\u00bb el_class=\u00a0\u00bbcontainer numberRow\u00a0\u00bb css=\u00a0\u00bb.vc_custom_1695823585860{margin-bottom: 50px !important;background-image: url(https:\/\/legendcar.be\/wp-content\/uploads\/2023\/09\/porsche-druppellader.jpg?id=102) !important;}\u00a0\u00bb][vc_column width=\u00a0\u00bb1\/3&Prime;][vc_column_text el_class=\u00a0\u00bbbigNumber\u00a0\u00bb]<\/p>\n<p style=\"text-align: center;\">01<\/p>\n<p>[\/vc_column_text][\/vc_column][vc_column width=\u00a0\u00bb2\/3&Prime; el_class=\u00a0\u00bbsemiWhiteBackground\u00a0\u00bb][vc_column_text]Ma passion pour les voitures est profond\u00e9ment enracin\u00e9e et a commenc\u00e9 d\u00e8s mon plus jeune \u00e2ge, une passion qui m&rsquo;a conduit dans le secteur automobile en 2013. En 2018, j&rsquo;ai rejoint l&rsquo;\u00e9quipe Porsche, o\u00f9 je me suis immerg\u00e9 dans le monde raffin\u00e9 de la vente automobile et j&rsquo;ai acquis une pr\u00e9cieuse exp\u00e9rience.<br \/>\nEn septembre 2023, j&rsquo;ai pris la d\u00e9cision de quitter Porsche pour suivre ma propre voie. Cette \u00e9tape me permet maintenant d&rsquo;agir de mani\u00e8re ind\u00e9pendante dans l&rsquo;achat et la vente de v\u00e9hicules exclusifs, avec Porsche restant toujours au c\u0153ur de mes activit\u00e9s.[\/vc_column_text][\/vc_column][\/vc_row][vc_row equal_height=\u00a0\u00bbyes\u00a0\u00bb content_placement=\u00a0\u00bbmiddle\u00a0\u00bb el_class=\u00a0\u00bbcontainer mobileReverse numberRow\u00a0\u00bb css=\u00a0\u00bb.vc_custom_1695823591060{margin-bottom: 50px !important;background-image: url(https:\/\/legendcar.be\/wp-content\/uploads\/2023\/09\/legend-cars.jpg?id=101) !important;background-position: center !important;background-repeat: no-repeat !important;background-size: cover !important;}\u00a0\u00bb][vc_column width=\u00a0\u00bb2\/3&Prime; el_class=\u00a0\u00bbsemiWhiteBackground\u00a0\u00bb][vc_column_text]Chez Legend Car, nous accordons une grande importance \u00e0 des principes tels que la transparence, l&rsquo;exactitude et un service d&rsquo;excellence. Notre conviction est que l&rsquo;honn\u00eatet\u00e9 est le fondement de toute transaction automobile r\u00e9ussie. Nous nous effor\u00e7ons de toujours communiquer avec vous de mani\u00e8re ouverte et claire, afin que vous puissiez agir en toute confiance, sachant que vous \u00eates entre de bonnes mains. Notre objectif n&rsquo;est pas seulement d&rsquo;acheter ou de vendre des voitures, mais aussi de construire des relations durables bas\u00e9es sur l&rsquo;int\u00e9grit\u00e9 et le respect.[\/vc_column_text][\/vc_column][vc_column width=\u00a0\u00bb1\/3&Prime;][vc_column_text el_class=\u00a0\u00bbbigNumber\u00a0\u00bb]<\/p>\n<p style=\"text-align: center;\">02<\/p>\n<p>[\/vc_column_text][\/vc_column][\/vc_row][vc_row equal_height=\u00a0\u00bbyes\u00a0\u00bb content_placement=\u00a0\u00bbmiddle\u00a0\u00bb el_class=\u00a0\u00bbcontainer numberRow\u00a0\u00bb css=\u00a0\u00bb.vc_custom_1695823596842{margin-bottom: 50px !important;background-image: url(https:\/\/legendcar.be\/wp-content\/uploads\/2023\/09\/legend-car.jpg?id=100) !important;background-position: center !important;background-repeat: no-repeat !important;background-size: cover !important;}\u00a0\u00bb][vc_column width=\u00a0\u00bb1\/3&Prime;][vc_column_text el_class=\u00a0\u00bbbigNumber\u00a0\u00bb]<\/p>\n<p style=\"text-align: center;\">03<\/p>\n<p>[\/vc_column_text][\/vc_column][vc_column width=\u00a0\u00bb2\/3&Prime; el_class=\u00a0\u00bbsemiWhiteBackground\u00a0\u00bb][vc_column_text]Notre sp\u00e9cialit\u00e9 est Porsche, une marque aussi passionn\u00e9e que nous. Que vous recherchiez la Porsche de vos r\u00eaves ou que vous ayez besoin d&rsquo;aide pour vendre votre v\u00e9hicule exclusif, Legend Car est l\u00e0 pour vous. Nous partageons votre passion pour ces voitures embl\u00e9matiques et sommes d\u00e9termin\u00e9s \u00e0 vous aider \u00e0 r\u00e9aliser vos r\u00eaves automobiles.[\/vc_column_text][\/vc_column][\/vc_row][vc_row equal_height=\u00a0\u00bbyes\u00a0\u00bb content_placement=\u00a0\u00bbmiddle\u00a0\u00bb el_class=\u00a0\u00bbcontainer mobileReverse numberRow\u00a0\u00bb css=\u00a0\u00bb.vc_custom_1695823601905{margin-bottom: 50px !important;background-image: url(https:\/\/legendcar.be\/wp-content\/uploads\/2023\/09\/legend-car-autostalling2.jpg?id=99) !important;background-position: center !important;background-repeat: no-repeat !important;background-size: cover !important;}\u00a0\u00bb][vc_column width=\u00a0\u00bb2\/3&Prime; el_class=\u00a0\u00bbsemiWhiteBackground\u00a0\u00bb][vc_column_text]Chez Legend Car, nous croyons que les voitures sont plus que des machines ; elles sont une source de joie et d&rsquo;inspiration. Avec nous, vous pouvez explorer la route et profiter de l&rsquo;aventure qui unit les passionn\u00e9s d&rsquo;automobiles du monde entier.[\/vc_column_text][\/vc_column][vc_column width=\u00a0\u00bb1\/3&Prime;][vc_column_text el_class=\u00a0\u00bbbigNumber\u00a0\u00bb]<\/p>\n<p style=\"text-align: center;\">04<\/p>\n<p>[\/vc_column_text][\/vc_column][\/vc_row][\/vc_section][vc_section][vc_row el_class=\u00a0\u00bbcontainer\u00a0\u00bb][vc_column][vc_single_image image=\u00a0\u00bb7499&Prime; img_size=\u00a0\u00bbfull\u00a0\u00bb alignment=\u00a0\u00bbcenter\u00a0\u00bb el_class=\u00a0\u00bbjulien\u00a0\u00bb][vc_column_text]<\/p>\n<h2 style=\"text-align: center;\">Julien Van de Velde<\/h2>\n<h2 style=\"text-align: center;\">Merci de votre visite sur notre site web.<\/h2>\n<p style=\"text-align: center;\">Nous sommes impatients de vous accueillir dans le monde de Legend Car et d&rsquo;\u00e9lever votre exp\u00e9rience automobile \u00e0 de nouveaux sommets.<\/p>\n<p>[\/vc_column_text][\/vc_column][\/vc_row][\/vc_section]<\/p>\n<\/div>","protected":false},"excerpt":{"rendered":"<p>[vc_section css=\u00a0\u00bb.vc_custom_1695805511801{margin-top: 50px !important;}\u00a0\u00bb][vc_row equal_height=\u00a0\u00bbyes\u00a0\u00bb content_placement=\u00a0\u00bbmiddle\u00a0\u00bb el_class=\u00a0\u00bbcontainer numberRow\u00a0\u00bb css=\u00a0\u00bb.vc_custom_1695823585860{margin-bottom: 50px !important;background-image: url(https:\/\/legendcar.be\/wp-content\/uploads\/2023\/09\/porsche-druppellader.jpg?id=102) !important;}\u00a0\u00bb][vc_column width=\u00a0\u00bb1\/3&Prime;][vc_column_text el_class=\u00a0\u00bbbigNumber\u00a0\u00bb] 01 [\/vc_column_text][\/vc_column][vc_column width=\u00a0\u00bb2\/3&Prime; el_class=\u00a0\u00bbsemiWhiteBackground\u00a0\u00bb][vc_column_text]Ma passion pour les voitures est profond\u00e9ment enracin\u00e9e et a commenc\u00e9 d\u00e8s mon plus jeune \u00e2ge, une passion qui m&rsquo;a conduit dans le secteur automobile en 2013. En 2018, j&rsquo;ai rejoint l&rsquo;\u00e9quipe Porsche, o\u00f9 je me suis [&hellip;]<\/p>\n","protected":false},"author":1,"featured_media":7508,"parent":0,"menu_order":0,"comment_status":"closed","ping_status":"closed","template":"","meta":{"_acf_changed":false,"inline_featured_image":false,"footnotes":""},"class_list":["post-9199","page","type-page","status-publish","has-post-thumbnail","hentry"],"acf":[],"yoast_head":"<!-- This site is optimized with the Yoast SEO plugin v27.0 - https:\/\/yoast.com\/product\/yoast-seo-wordpress\/ -->\n<title>\u00c0 propos de nous | Legend Car<\/title>\n<meta name=\"robots\" content=\"index, follow, max-snippet:-1, max-image-preview:large, max-video-preview:-1\" \/>\n<link rel=\"canonical\" href=\"https:\/\/legendcar.be\/fr\/a-propos-de-nous\/\" \/>\n<meta property=\"og:locale\" content=\"fr_FR\" \/>\n<meta property=\"og:type\" content=\"article\" \/>\n<meta property=\"og:title\" content=\"\u00c0 propos de nous | Legend Car\" \/>\n<meta property=\"og:description\" content=\"[vc_section css=\u00a0\u00bb.vc_custom_1695805511801{margin-top: 50px !important;}\u00a0\u00bb][vc_row equal_height=\u00a0\u00bbyes\u00a0\u00bb content_placement=\u00a0\u00bbmiddle\u00a0\u00bb el_class=\u00a0\u00bbcontainer numberRow\u00a0\u00bb css=\u00a0\u00bb.vc_custom_1695823585860{margin-bottom: 50px !important;background-image: url(https:\/\/legendcar.be\/wp-content\/uploads\/2023\/09\/porsche-druppellader.jpg?id=102) !important;}\u00a0\u00bb][vc_column width=\u00a0\u00bb1\/3&Prime;][vc_column_text el_class=\u00a0\u00bbbigNumber\u00a0\u00bb] 01 [\/vc_column_text][\/vc_column][vc_column width=\u00a0\u00bb2\/3&Prime; el_class=\u00a0\u00bbsemiWhiteBackground\u00a0\u00bb][vc_column_text]Ma passion pour les voitures est profond\u00e9ment enracin\u00e9e et a commenc\u00e9 d\u00e8s mon plus jeune \u00e2ge, une passion qui m&rsquo;a conduit dans le secteur automobile en 2013. En 2018, j&rsquo;ai rejoint l&rsquo;\u00e9quipe Porsche, o\u00f9 je me suis [&hellip;]\" \/>\n<meta property=\"og:url\" content=\"https:\/\/legendcar.be\/fr\/a-propos-de-nous\/\" \/>\n<meta property=\"og:site_name\" content=\"Legend Car\" \/>\n<meta property=\"article:modified_time\" content=\"2025-11-12T12:47:24+00:00\" \/>\n<meta property=\"og:image\" content=\"https:\/\/legendcar.be\/wp-content\/uploads\/2023\/09\/Over_ons-legendcar.jpg\" \/>\n\t<meta property=\"og:image:width\" content=\"1024\" \/>\n\t<meta property=\"og:image:height\" content=\"683\" \/>\n\t<meta property=\"og:image:type\" content=\"image\/jpeg\" \/>\n<meta name=\"twitter:card\" content=\"summary_large_image\" \/>\n<meta name=\"twitter:label1\" content=\"Dur\u00e9e de lecture estim\u00e9e\" \/>\n\t<meta name=\"twitter:data1\" content=\"3 minutes\" \/>\n<script type=\"application\/ld+json\" class=\"yoast-schema-graph\">{\"@context\":\"https:\/\/schema.org\",\"@graph\":[{\"@type\":\"WebPage\",\"@id\":\"https:\/\/legendcar.be\/fr\/a-propos-de-nous\/\",\"url\":\"https:\/\/legendcar.be\/fr\/a-propos-de-nous\/\",\"name\":\"\u00c0 propos de nous | Legend Car\",\"isPartOf\":{\"@id\":\"https:\/\/legendcar.be\/fr\/#website\"},\"primaryImageOfPage\":{\"@id\":\"https:\/\/legendcar.be\/fr\/a-propos-de-nous\/#primaryimage\"},\"image\":{\"@id\":\"https:\/\/legendcar.be\/fr\/a-propos-de-nous\/#primaryimage\"},\"thumbnailUrl\":\"https:\/\/legendcar.be\/wp-content\/uploads\/2023\/09\/Over_ons-legendcar.jpg\",\"datePublished\":\"2023-09-26T09:17:54+00:00\",\"dateModified\":\"2025-11-12T12:47:24+00:00\",\"breadcrumb\":{\"@id\":\"https:\/\/legendcar.be\/fr\/a-propos-de-nous\/#breadcrumb\"},\"inLanguage\":\"fr-FR\",\"potentialAction\":[{\"@type\":\"ReadAction\",\"target\":[\"https:\/\/legendcar.be\/fr\/a-propos-de-nous\/\"]}]},{\"@type\":\"ImageObject\",\"inLanguage\":\"fr-FR\",\"@id\":\"https:\/\/legendcar.be\/fr\/a-propos-de-nous\/#primaryimage\",\"url\":\"https:\/\/legendcar.be\/wp-content\/uploads\/2023\/09\/Over_ons-legendcar.jpg\",\"contentUrl\":\"https:\/\/legendcar.be\/wp-content\/uploads\/2023\/09\/Over_ons-legendcar.jpg\",\"width\":1024,\"height\":683},{\"@type\":\"BreadcrumbList\",\"@id\":\"https:\/\/legendcar.be\/fr\/a-propos-de-nous\/#breadcrumb\",\"itemListElement\":[{\"@type\":\"ListItem\",\"position\":1,\"name\":\"Home\",\"item\":\"https:\/\/legendcar.be\/fr\/accueil\/\"},{\"@type\":\"ListItem\",\"position\":2,\"name\":\"\u00c0 propos de nous\"}]},{\"@type\":\"WebSite\",\"@id\":\"https:\/\/legendcar.be\/fr\/#website\",\"url\":\"https:\/\/legendcar.be\/fr\/\",\"name\":\"Legend Car\",\"description\":\"\",\"publisher\":{\"@id\":\"https:\/\/legendcar.be\/fr\/#organization\"},\"potentialAction\":[{\"@type\":\"SearchAction\",\"target\":{\"@type\":\"EntryPoint\",\"urlTemplate\":\"https:\/\/legendcar.be\/fr\/?s={search_term_string}\"},\"query-input\":{\"@type\":\"PropertyValueSpecification\",\"valueRequired\":true,\"valueName\":\"search_term_string\"}}],\"inLanguage\":\"fr-FR\"},{\"@type\":\"Organization\",\"@id\":\"https:\/\/legendcar.be\/fr\/#organization\",\"name\":\"Legend Car\",\"url\":\"https:\/\/legendcar.be\/fr\/\",\"logo\":{\"@type\":\"ImageObject\",\"inLanguage\":\"fr-FR\",\"@id\":\"https:\/\/legendcar.be\/fr\/#\/schema\/logo\/image\/\",\"url\":\"\",\"contentUrl\":\"\",\"caption\":\"Legend Car\"},\"image\":{\"@id\":\"https:\/\/legendcar.be\/fr\/#\/schema\/logo\/image\/\"}}]}<\/script>\n<!-- \/ Yoast SEO plugin. -->","yoast_head_json":{"title":"\u00c0 propos de nous | Legend Car","robots":{"index":"index","follow":"follow","max-snippet":"max-snippet:-1","max-image-preview":"max-image-preview:large","max-video-preview":"max-video-preview:-1"},"canonical":"https:\/\/legendcar.be\/fr\/a-propos-de-nous\/","og_locale":"fr_FR","og_type":"article","og_title":"\u00c0 propos de nous | Legend Car","og_description":"[vc_section css=\u00a0\u00bb.vc_custom_1695805511801{margin-top: 50px !important;}\u00a0\u00bb][vc_row equal_height=\u00a0\u00bbyes\u00a0\u00bb content_placement=\u00a0\u00bbmiddle\u00a0\u00bb el_class=\u00a0\u00bbcontainer numberRow\u00a0\u00bb css=\u00a0\u00bb.vc_custom_1695823585860{margin-bottom: 50px !important;background-image: url(https:\/\/legendcar.be\/wp-content\/uploads\/2023\/09\/porsche-druppellader.jpg?id=102) !important;}\u00a0\u00bb][vc_column width=\u00a0\u00bb1\/3&Prime;][vc_column_text el_class=\u00a0\u00bbbigNumber\u00a0\u00bb] 01 [\/vc_column_text][\/vc_column][vc_column width=\u00a0\u00bb2\/3&Prime; el_class=\u00a0\u00bbsemiWhiteBackground\u00a0\u00bb][vc_column_text]Ma passion pour les voitures est profond\u00e9ment enracin\u00e9e et a commenc\u00e9 d\u00e8s mon plus jeune \u00e2ge, une passion qui m&rsquo;a conduit dans le secteur automobile en 2013. En 2018, j&rsquo;ai rejoint l&rsquo;\u00e9quipe Porsche, o\u00f9 je me suis [&hellip;]","og_url":"https:\/\/legendcar.be\/fr\/a-propos-de-nous\/","og_site_name":"Legend Car","article_modified_time":"2025-11-12T12:47:24+00:00","og_image":[{"width":1024,"height":683,"url":"https:\/\/legendcar.be\/wp-content\/uploads\/2023\/09\/Over_ons-legendcar.jpg","type":"image\/jpeg"}],"twitter_card":"summary_large_image","twitter_misc":{"Dur\u00e9e de lecture estim\u00e9e":"3 minutes"},"schema":{"@context":"https:\/\/schema.org","@graph":[{"@type":"WebPage","@id":"https:\/\/legendcar.be\/fr\/a-propos-de-nous\/","url":"https:\/\/legendcar.be\/fr\/a-propos-de-nous\/","name":"\u00c0 propos de nous | Legend Car","isPartOf":{"@id":"https:\/\/legendcar.be\/fr\/#website"},"primaryImageOfPage":{"@id":"https:\/\/legendcar.be\/fr\/a-propos-de-nous\/#primaryimage"},"image":{"@id":"https:\/\/legendcar.be\/fr\/a-propos-de-nous\/#primaryimage"},"thumbnailUrl":"https:\/\/legendcar.be\/wp-content\/uploads\/2023\/09\/Over_ons-legendcar.jpg","datePublished":"2023-09-26T09:17:54+00:00","dateModified":"2025-11-12T12:47:24+00:00","breadcrumb":{"@id":"https:\/\/legendcar.be\/fr\/a-propos-de-nous\/#breadcrumb"},"inLanguage":"fr-FR","potentialAction":[{"@type":"ReadAction","target":["https:\/\/legendcar.be\/fr\/a-propos-de-nous\/"]}]},{"@type":"ImageObject","inLanguage":"fr-FR","@id":"https:\/\/legendcar.be\/fr\/a-propos-de-nous\/#primaryimage","url":"https:\/\/legendcar.be\/wp-content\/uploads\/2023\/09\/Over_ons-legendcar.jpg","contentUrl":"https:\/\/legendcar.be\/wp-content\/uploads\/2023\/09\/Over_ons-legendcar.jpg","width":1024,"height":683},{"@type":"BreadcrumbList","@id":"https:\/\/legendcar.be\/fr\/a-propos-de-nous\/#breadcrumb","itemListElement":[{"@type":"ListItem","position":1,"name":"Home","item":"https:\/\/legendcar.be\/fr\/accueil\/"},{"@type":"ListItem","position":2,"name":"\u00c0 propos de nous"}]},{"@type":"WebSite","@id":"https:\/\/legendcar.be\/fr\/#website","url":"https:\/\/legendcar.be\/fr\/","name":"Legend Car","description":"","publisher":{"@id":"https:\/\/legendcar.be\/fr\/#organization"},"potentialAction":[{"@type":"SearchAction","target":{"@type":"EntryPoint","urlTemplate":"https:\/\/legendcar.be\/fr\/?s={search_term_string}"},"query-input":{"@type":"PropertyValueSpecification","valueRequired":true,"valueName":"search_term_string"}}],"inLanguage":"fr-FR"},{"@type":"Organization","@id":"https:\/\/legendcar.be\/fr\/#organization","name":"Legend Car","url":"https:\/\/legendcar.be\/fr\/","logo":{"@type":"ImageObject","inLanguage":"fr-FR","@id":"https:\/\/legendcar.be\/fr\/#\/schema\/logo\/image\/","url":"","contentUrl":"","caption":"Legend Car"},"image":{"@id":"https:\/\/legendcar.be\/fr\/#\/schema\/logo\/image\/"}}]}},"_links":{"self":[{"href":"https:\/\/legendcar.be\/fr\/wp-json\/wp\/v2\/pages\/9199","targetHints":{"allow":["GET"]}}],"collection":[{"href":"https:\/\/legendcar.be\/fr\/wp-json\/wp\/v2\/pages"}],"about":[{"href":"https:\/\/legendcar.be\/fr\/wp-json\/wp\/v2\/types\/page"}],"author":[{"embeddable":true,"href":"https:\/\/legendcar.be\/fr\/wp-json\/wp\/v2\/users\/1"}],"replies":[{"embeddable":true,"href":"https:\/\/legendcar.be\/fr\/wp-json\/wp\/v2\/comments?post=9199"}],"version-history":[{"count":7,"href":"https:\/\/legendcar.be\/fr\/wp-json\/wp\/v2\/pages\/9199\/revisions"}],"predecessor-version":[{"id":9216,"href":"https:\/\/legendcar.be\/fr\/wp-json\/wp\/v2\/pages\/9199\/revisions\/9216"}],"wp:featuredmedia":[{"embeddable":true,"href":"https:\/\/legendcar.be\/fr\/wp-json\/wp\/v2\/media\/7508"}],"wp:attachment":[{"href":"https:\/\/legendcar.be\/fr\/wp-json\/wp\/v2\/media?parent=9199"}],"curies":[{"name":"wp","href":"https:\/\/api.w.org\/{rel}","templated":true}]}}